{"id":364,"date":"2021-07-21T10:05:00","date_gmt":"2021-07-21T08:05:00","guid":{"rendered":"https:\/\/justdiariestravel.com\/impresszum\/"},"modified":"2022-05-23T13:36:26","modified_gmt":"2022-05-23T11:36:26","slug":"imprint","status":"publish","type":"page","link":"https:\/\/justdiariestravel.com\/en\/imprint\/","title":{"rendered":"Imprint"},"content":{"rendered":"<div id=\"pl-364\"  class=\"panel-layout\" ><div id=\"pg-364-0\"  class=\"panel-grid panel-no-style\" ><div id=\"pgc-364-0-0\"  class=\"panel-grid-cell\" ><div id=\"panel-364-0-0-0\" class=\"so-panel widget widget_ndm-small-title panel-first-child\" data-index=\"0\" ><div\n\t\t\t\n\t\t\tclass=\"so-widget-ndm-small-title so-widget-ndm-small-title-default-d75171398898-364\"\n\t\t\t\n\t\t><h4 class=\"ndm-small-title text-start ndm-color--barna mt-1 mb-2 mb-lg-4\">Service provider<\/h4><\/div><\/div><div id=\"panel-364-0-0-1\" class=\"so-panel widget widget_sow-editor panel-last-child\" data-index=\"1\" ><div\n\t\t\t\n\t\t\tclass=\"so-widget-sow-editor so-widget-sow-editor-base\"\n\t\t\t\n\t\t>\n<div class=\"siteorigin-widget-tinymce textwidget\">\n\t<p>Eszter dr. Horv\u00e1th-Somogyi<br \/>\n<strong>C\u00edm:<\/strong> 1116 Budapest, Feh\u00e9rv\u00e1ri \u00fat 215. 9. em. 95. ajt\u00f3<br \/>\n<strong>E-mail: <\/strong><a href=\"mailto:jules.st.diaries@gmail.com\">jules.st.diaries@gmail.com<\/a><\/p>\n<\/div>\n<\/div><\/div><\/div><\/div><div id=\"pg-364-1\"  class=\"panel-grid panel-no-style\" ><div id=\"pgc-364-1-0\"  class=\"panel-grid-cell\" ><div id=\"panel-364-1-0-0\" class=\"so-panel widget widget_ndm-small-title panel-first-child\" data-index=\"2\" ><div\n\t\t\t\n\t\t\tclass=\"so-widget-ndm-small-title so-widget-ndm-small-title-default-d75171398898-364\"\n\t\t\t\n\t\t><h4 class=\"ndm-small-title text-start ndm-color--barna mt-1 mb-2 mb-lg-4\">Contact<\/h4><\/div><\/div><div id=\"panel-364-1-0-1\" class=\"so-panel widget widget_sow-editor panel-last-child\" data-index=\"3\" ><div\n\t\t\t\n\t\t\tclass=\"so-widget-sow-editor so-widget-sow-editor-base\"\n\t\t\t\n\t\t>\n<div class=\"siteorigin-widget-tinymce textwidget\">\n\t<p><strong>Name:<\/strong> Eszter dr Horv\u00e1th-Somogyi - EV<br \/>\n<strong>Sz\u00e9khely:<\/strong> 1116 Budapest, Feh\u00e9rv\u00e1ri street 215. 9. floor 95. door<br \/>\n<strong>Email: <\/strong>\u00a0<a href=\"mailto:jules.st.diaries@gmail.com\">jules.st.diaries@gmail.com<\/a><\/p>\n<\/div>\n<\/div><\/div><\/div><\/div><div id=\"pg-364-2\"  class=\"panel-grid panel-no-style\" ><div id=\"pgc-364-2-0\"  class=\"panel-grid-cell\" ><div id=\"panel-364-2-0-0\" class=\"so-panel widget widget_ndm-small-title panel-first-child\" data-index=\"4\" ><div\n\t\t\t\n\t\t\tclass=\"so-widget-ndm-small-title so-widget-ndm-small-title-default-d75171398898-364\"\n\t\t\t\n\t\t><h4 class=\"ndm-small-title text-start ndm-color--barna mt-1 mb-2 mb-lg-4\">Hosting Provider<\/h4><\/div><\/div><div id=\"panel-364-2-0-1\" class=\"so-panel widget widget_sow-editor panel-last-child\" data-index=\"5\" ><div\n\t\t\t\n\t\t\tclass=\"so-widget-sow-editor so-widget-sow-editor-base\"\n\t\t\t\n\t\t>\n<div class=\"siteorigin-widget-tinymce textwidget\">\n\t<p><strong>Company:<\/strong> Silicium Network Kft.<br \/>\n<strong>Headquarters address:<\/strong> 2000 Szentendre, Papszigeti street 19.<br \/>\n<strong>Company registration number:<\/strong> 13 09 149318<br \/>\n<strong>Tax number:<\/strong> 23474178-2-13<\/p>\n<p><strong>Contact<\/strong><br \/>\n<strong>Phone:<\/strong> 00 36 70 944 7008, 00 36 1 999 0739<br \/>\n<strong>Fax:<\/strong> 00 36 1 700 2930<br \/>\n<strong>E-mail:<\/strong> <a href=\"mailto:info@webpark.hu\">info@webpark.hu<\/a><br \/>\n<strong>Web:<\/strong> webpark.hu<\/p>\n<\/div>\n<\/div><\/div><\/div><\/div><div id=\"pg-364-3\"  class=\"panel-grid panel-no-style\" ><div id=\"pgc-364-3-0\"  class=\"panel-grid-cell\" ><div id=\"panel-364-3-0-0\" class=\"so-panel widget widget_ndm-small-title panel-first-child\" data-index=\"6\" ><div\n\t\t\t\n\t\t\tclass=\"so-widget-ndm-small-title so-widget-ndm-small-title-default-d75171398898-364\"\n\t\t\t\n\t\t><h4 class=\"ndm-small-title text-start ndm-color--barna mt-1 mb-2 mb-lg-4\">Copyright<\/h4><\/div><\/div><div id=\"panel-364-3-0-1\" class=\"so-panel widget widget_sow-editor panel-last-child\" data-index=\"7\" ><div\n\t\t\t\n\t\t\tclass=\"so-widget-sow-editor so-widget-sow-editor-base\"\n\t\t\t\n\t\t>\n<div class=\"siteorigin-widget-tinymce textwidget\">\n\t<p>This website is published by <strong>JUSTdiariesTravel<\/strong>.<\/p>\n<p><strong>JUSTdiariesTravel<\/strong> reserves all rights to copy and distribute any part of the Website (textual content, photos, etc.) by any method or technique. The content and design of the pages - belonging to this website - are protected by international and Hungarian laws. They may not be published, broadcast or retransmitted in any medium, in whole or in part, or stored in whole or in part on a computer. No part of this site may be reproduced or transmitted in any form or by any means without the prior written permission of the Publisher.<\/p>\n<p>This statement is in accordance with Act LXXVI of 1999 on Copyright, shall be deemed to be a prohibition statement in accordance with the provisions of Section 36 (2) of the Act.<\/p>\n<\/div>\n<\/div><\/div><\/div><\/div><\/div>","protected":false},"excerpt":{"rendered":"<p>Eszter dr. Horv\u00e1th-Somogyi C\u00edm: 1116 Budapest, Feh\u00e9rv\u00e1ri \u00fat 215. 9. em. 95. ajt\u00f3 E-mail: jules.st.diaries@gmail.com Name:&#8230;<\/p>\n","protected":false},"author":3,"featured_media":2104,"parent":0,"menu_order":98,"comment_status":"closed","ping_status":"closed","template":"fullwidth.php","meta":{"inline_featured_image":false,"footnotes":""},"class_list":["post-364","page","type-page","status-publish","has-post-thumbnail","hentry"],"_links":{"self":[{"href":"https:\/\/justdiariestravel.com\/en\/wp-json\/wp\/v2\/pages\/364","targetHints":{"allow":["GET"]}}],"collection":[{"href":"https:\/\/justdiariestravel.com\/en\/wp-json\/wp\/v2\/pages"}],"about":[{"href":"https:\/\/justdiariestravel.com\/en\/wp-json\/wp\/v2\/types\/page"}],"author":[{"embeddable":true,"href":"https:\/\/justdiariestravel.com\/en\/wp-json\/wp\/v2\/users\/3"}],"replies":[{"embeddable":true,"href":"https:\/\/justdiariestravel.com\/en\/wp-json\/wp\/v2\/comments?post=364"}],"version-history":[{"count":1,"href":"https:\/\/justdiariestravel.com\/en\/wp-json\/wp\/v2\/pages\/364\/revisions"}],"predecessor-version":[{"id":382,"href":"https:\/\/justdiariestravel.com\/en\/wp-json\/wp\/v2\/pages\/364\/revisions\/382"}],"wp:featuredmedia":[{"embeddable":true,"href":"https:\/\/justdiariestravel.com\/en\/wp-json\/wp\/v2\/media\/2104"}],"wp:attachment":[{"href":"https:\/\/justdiariestravel.com\/en\/wp-json\/wp\/v2\/media?parent=364"}],"curies":[{"name":"wp","href":"https:\/\/api.w.org\/{rel}","templated":true}]}}