{"id":361,"date":"2021-05-11T18:34:11","date_gmt":"2021-05-11T16:34:11","guid":{"rendered":"https:\/\/justdiariestravel.com\/kapcsolat\/"},"modified":"2022-05-20T12:45:37","modified_gmt":"2022-05-20T10:45:37","slug":"kapcsolat","status":"publish","type":"page","link":"https:\/\/justdiariestravel.com\/en\/kapcsolat\/","title":{"rendered":"Contact"},"content":{"rendered":"<div id=\"pl-361\"  class=\"panel-layout\" ><div id=\"pg-361-0\"  class=\"panel-grid panel-has-style\" ><div class=\"panel-row-style panel-row-style-for-361-0\" ><div id=\"pgc-361-0-0\"  class=\"panel-grid-cell\" ><div id=\"panel-361-0-0-0\" class=\"so-panel widget widget_ndm-image-paragraph panel-first-child panel-last-child\" data-index=\"0\" ><div\n\t\t\t\n\t\t\tclass=\"so-widget-ndm-image-paragraph so-widget-ndm-image-paragraph-default-d75171398898-361\"\n\t\t\t\n\t\t><div class=\"ndm-img-paragraph row align-items-center\n\t\t\t\">\n\t<div class=\"col-lg-6 mb-5 mb-lg-0\"><img decoding=\"async\" data-src=\"https:\/\/justdiariestravel.com\/wp-content\/uploads\/2022\/03\/kapcsolat-kep.jpg\" class=\"img-fluid ndm-round-image--top lazyload\" src=\"data:image\/svg+xml;base64,PHN2ZyB3aWR0aD0iMSIgaGVpZ2h0PSIxIiB4bWxucz0iaHR0cDovL3d3dy53My5vcmcvMjAwMC9zdmciPjwvc3ZnPg==\" style=\"--smush-placeholder-width: 1024px; --smush-placeholder-aspect-ratio: 1024\/1008;\">\t<\/div>\n\t\t<div class=\"col-lg-5 offset-lg-1 mb-0\"><p>Mi egy k\u00f6nnyed, \u00e9s vag\u00e1ny fiatal csal\u00e1d vagyunk, akik im\u00e1dnak utazni! Hissz\u00fck, hogy az utaz\u00e1s gazdag\u00edt, \u00e9s hozz\u00e1nk tesz minden alkalommal, amikor \u00fatra kel\u00fcnk.<\/p>\n<p>A honlapon\/blogon l\u00e1thattad, hogy megb\u00edzhat\u00f3, autentikus hangja vagyunk a csal\u00e1di utaz\u00e1snak.<\/p>\n<p>Nagyra \u00e9rt\u00e9kelj\u00fck, ha megismerhet\u00fcnk hasonl\u00f3 mentalit\u00e1s\u00fa embereket \u00e9s szines\u00edthetj\u00fck kapcsolati palett\u00e1nkat egy\u00fcttm\u0171k\u00f6d\u00e9sek r\u00e9v\u00e9n.<\/p>\n<p>Nagy el\u0151ny\u00fcnk a csal\u00e1di utaz\u00e1s kreat\u00edv megk\u00f6zel\u00edt\u00e9se, valamint a csal\u00e1di tartalomgy\u00e1rt\u00e1sban val\u00f3 alapos tud\u00e1sunk.<\/p>\n\t<\/div>\n<\/div>\n\n\n<\/div><\/div><\/div><\/div><\/div><div id=\"pg-361-1\"  class=\"panel-grid panel-has-style\" ><div class=\"siteorigin-panels-stretch panel-row-style panel-row-style-for-361-1\" data-stretch-type=\"full-stretched\" ><div id=\"pgc-361-1-0\"  class=\"panel-grid-cell\" ><div id=\"panel-361-1-0-0\" class=\"so-panel widget widget_ndm-wave panel-first-child panel-last-child\" data-index=\"1\" ><div\n\t\t\t\n\t\t\tclass=\"so-widget-ndm-wave so-widget-ndm-wave-default-d75171398898-361\"\n\t\t\t\n\t\t>\t\t\t<div class=\"ndm-wave__container\">\n\t\t\t\t<div class=\"ndm-wave-divider\" style=\"background-color: #f4f1ef;\">\n\t\t\t\t\t<svg data-name=\"Layer 1\" xmlns=\"http:\/\/www.w3.org\/2000\/svg\" viewBox=\"0 0 1200 120\" preserveAspectRatio=\"none\">\n\t\t\t\t\t\t<path d=\"M321.39,56.44c58-10.79,114.16-30.13,172-41.86,82.39-16.72,168.19-17.73,250.45-.39C823.78,31,906.67,72,985.66,92.83c70.05,18.48,146.53,26.09,214.34,3V0H0V27.35A600.21,600.21,0,0,0,321.39,56.44Z\" style=\"fill: #78a7ae;\"><\/path>\n\t\t\t\t\t<\/svg>\n\t\t\t\t<\/div>\n\t\t\t<\/div>\n\t\t\n\n\n\n\n\n\n<\/div><\/div><\/div><\/div><\/div><div id=\"pg-361-2\"  class=\"panel-grid panel-has-style\" ><div class=\"siteorigin-panels-stretch panel-row-style panel-row-style-for-361-2\" data-stretch-type=\"full\" ><div id=\"pgc-361-2-0\"  class=\"panel-grid-cell\" ><div id=\"panel-361-2-0-0\" class=\"so-panel widget widget_sow-editor panel-first-child\" data-index=\"2\" ><div\n\t\t\t\n\t\t\tclass=\"so-widget-sow-editor so-widget-sow-editor-base\"\n\t\t\t\n\t\t>\n<div class=\"siteorigin-widget-tinymce textwidget\">\n\t<p><a class=\"ndm-large-link\" href=\"mailto:hello@justdiariestravel.com\">hello@justdiariestravel.com<\/a><\/p>\n<\/div>\n<\/div><\/div><div id=\"panel-361-2-0-1\" class=\"so-panel widget widget_ndm-contact-items panel-last-child\" data-index=\"3\" ><div\n\t\t\t\n\t\t\tclass=\"so-widget-ndm-contact-items so-widget-ndm-contact-items-default-d75171398898-361\"\n\t\t\t\n\t\t>\r\n<div class=\"ndm-social__wrapper d-flex justify-content-between flex-wrap\">\r\n                    <a href=\"https:\/\/instagram.com\/justdiariestravel\/\" class=\"ndm-social__item d-flex flex-column align-items-center\" target=\"_blank\" rel=\"noopener\" aria-label=\"Instagram link\">\r\n                    <div class=\"ndm-contact-item__icon d-flex align-items-center justify-content-center mb-2\">\r\n                        <svg xmlns=\"http:\/\/www.w3.org\/2000\/svg\" width=\"16\" height=\"16\" fill=\"currentColor\" class=\"bi bi-instagram\" viewBox=\"0 0 16 16\">\r\n                            <path d=\"M8 0C5.829 0 5.556.01 4.703.048 3.85.088 3.269.222 2.76.42a3.917 3.917 0 0 0-1.417.923A3.927 3.927 0 0 0 .42 2.76C.222 3.268.087 3.85.048 4.7.01 5.555 0 5.827 0 8.001c0 2.172.01 2.444.048 3.297.04.852.174 1.433.372 1.942.205.526.478.972.923 1.417.444.445.89.719 1.416.923.51.198 1.09.333 1.942.372C5.555 15.99 5.827 16 8 16s2.444-.01 3.298-.048c.851-.04 1.434-.174 1.943-.372a3.916 3.916 0 0 0 1.416-.923c.445-.445.718-.891.923-1.417.197-.509.332-1.09.372-1.942C15.99 10.445 16 10.173 16 8s-.01-2.445-.048-3.299c-.04-.851-.175-1.433-.372-1.941a3.926 3.926 0 0 0-.923-1.417A3.911 3.911 0 0 0 13.24.42c-.51-.198-1.092-.333-1.943-.372C10.443.01 10.172 0 7.998 0h.003zm-.717 1.442h.718c2.136 0 2.389.007 3.232.046.78.035 1.204.166 1.486.275.373.145.64.319.92.599.28.28.453.546.598.92.11.281.24.705.275 1.485.039.843.047 1.096.047 3.231s-.008 2.389-.047 3.232c-.035.78-.166 1.203-.275 1.485a2.47 2.47 0 0 1-.599.919c-.28.28-.546.453-.92.598-.28.11-.704.24-1.485.276-.843.038-1.096.047-3.232.047s-2.39-.009-3.233-.047c-.78-.036-1.203-.166-1.485-.276a2.478 2.478 0 0 1-.92-.598 2.48 2.48 0 0 1-.6-.92c-.109-.281-.24-.705-.275-1.485-.038-.843-.046-1.096-.046-3.233 0-2.136.008-2.388.046-3.231.036-.78.166-1.204.276-1.486.145-.373.319-.64.599-.92.28-.28.546-.453.92-.598.282-.11.705-.24 1.485-.276.738-.034 1.024-.044 2.515-.045v.002zm4.988 1.328a.96.96 0 1 0 0 1.92.96.96 0 0 0 0-1.92zm-4.27 1.122a4.109 4.109 0 1 0 0 8.217 4.109 4.109 0 0 0 0-8.217zm0 1.441a2.667 2.667 0 1 1 0 5.334 2.667 2.667 0 0 1 0-5.334z\"\/>\r\n                        <\/svg>\r\n                    <\/div>\r\n                    <p class=\"mb-0\"><strong>Intsagram<\/strong><\/p>\r\n                <\/a>\r\n                            <a href=\"https:\/\/facebook.com\/STandJulesTravelDiaries\" class=\"ndm-social__item d-flex flex-column align-items-center\" target=\"_blank\" rel=\"noopener\" aria-label=\"Facebook link\">\r\n                    <div class=\"ndm-contact-item__icon d-flex align-items-center justify-content-center mb-2\">\r\n                        <svg xmlns=\"http:\/\/www.w3.org\/2000\/svg\" width=\"16\" height=\"16\" fill=\"currentColor\" class=\"bi bi-facebook\" viewBox=\"0 0 16 16\">\r\n                            <path d=\"M16 8.049c0-4.446-3.582-8.05-8-8.05C3.58 0-.002 3.603-.002 8.05c0 4.017 2.926 7.347 6.75 7.951v-5.625h-2.03V8.05H6.75V6.275c0-2.017 1.195-3.131 3.022-3.131.876 0 1.791.157 1.791.157v1.98h-1.009c-.993 0-1.303.621-1.303 1.258v1.51h2.218l-.354 2.326H9.25V16c3.824-.604 6.75-3.934 6.75-7.951z\"\/>\r\n                        <\/svg>\r\n                    <\/div>\r\n                    <p class=\"mb-0\"><strong>Facebook<\/strong><\/p>\r\n                <\/a>\r\n                            <a href=\"https:\/\/pinterest.com\/JU_ST_Diaries\/_created\/\" class=\"ndm-social__item d-flex flex-column align-items-center\" target=\"_blank\" rel=\"noopener\" aria-label=\"Pinterest link\">\r\n                    <div class=\"ndm-contact-item__icon d-flex align-items-center justify-content-center mb-2\">\r\n                        <svg xmlns=\"http:\/\/www.w3.org\/2000\/svg\" width=\"16\" height=\"16\" fill=\"currentColor\" class=\"bi bi-pinterest\" viewBox=\"0 0 16 16\">\r\n                            <path d=\"M8 0a8 8 0 0 0-2.915 15.452c-.07-.633-.134-1.606.027-2.297.146-.625.938-3.977.938-3.977s-.239-.479-.239-1.187c0-1.113.645-1.943 1.448-1.943.682 0 1.012.512 1.012 1.127 0 .686-.437 1.712-.663 2.663-.188.796.4 1.446 1.185 1.446 1.422 0 2.515-1.5 2.515-3.664 0-1.915-1.377-3.254-3.342-3.254-2.276 0-3.612 1.707-3.612 3.471 0 .688.265 1.425.595 1.826a.24.24 0 0 1 .056.23c-.061.252-.196.796-.222.907-.035.146-.116.177-.268.107-1-.465-1.624-1.926-1.624-3.1 0-2.523 1.834-4.84 5.286-4.84 2.775 0 4.932 1.977 4.932 4.62 0 2.757-1.739 4.976-4.151 4.976-.811 0-1.573-.421-1.834-.919l-.498 1.902c-.181.695-.669 1.566-.995 2.097A8 8 0 1 0 8 0z\"\/>\r\n                        <\/svg>\r\n                    <\/div>\r\n                    <p class=\"mb-0\"><strong>Pinterest<\/strong><\/p>\r\n                <\/a>\r\n                            <a href=\"https:\/\/spotify.com\/playlist\/7enrtaIUDUpIZL54FuZvhE\" class=\"ndm-social__item d-flex flex-column align-items-center\" target=\"_blank\" rel=\"noopener\" aria-label=\"Spotify link\">\r\n                    <div class=\"ndm-contact-item__icon d-flex align-items-center justify-content-center mb-2\">\r\n                        <svg xmlns=\"http:\/\/www.w3.org\/2000\/svg\" width=\"16\" height=\"16\" fill=\"currentColor\" class=\"bi bi-spotify\" viewBox=\"0 0 16 16\">\r\n\t\t\t\t\t        <path d=\"M8 0a8 8 0 1 0 0 16A8 8 0 0 0 8 0zm3.669 11.538a.498.498 0 0 1-.686.165c-1.879-1.147-4.243-1.407-7.028-.77a.499.499 0 0 1-.222-.973c3.048-.696 5.662-.397 7.77.892a.5.5 0 0 1 .166.686zm.979-2.178a.624.624 0 0 1-.858.205c-2.15-1.321-5.428-1.704-7.972-.932a.625.625 0 0 1-.362-1.194c2.905-.881 6.517-.454 8.986 1.063a.624.624 0 0 1 .206.858zm.084-2.268C10.154 5.56 5.9 5.419 3.438 6.166a.748.748 0 1 1-.434-1.432c2.825-.857 7.523-.692 10.492 1.07a.747.747 0 1 1-.764 1.288z\"\/>\r\n\t\t\t\t        <\/svg>\r\n                    <\/div>\r\n                    <p class=\"mb-0\"><strong>Spotify<\/strong><\/p>\r\n                <\/a>\r\n                            <a href=\"https:\/\/tiktok.com\/ZM8Vg2s9M\/\" class=\"ndm-social__item d-flex flex-column align-items-center\" target=\"_blank\" rel=\"noopener\" aria-label=\"TikTok link\">\r\n                    <div class=\"ndm-contact-item__icon d-flex align-items-center justify-content-center mb-2\">\r\n                        <svg xmlns=\"http:\/\/www.w3.org\/2000\/svg\" width=\"16\" height=\"16\" fill=\"currentColor\" class=\"bi bi-tiktok\" viewBox=\"0 0 16 16\">\r\n\t\t\t\t\t        <path d=\"M9 0h1.98c.144.715.54 1.617 1.235 2.512C12.895 3.389 13.797 4 15 4v2c-1.753 0-3.07-.814-4-1.829V11a5 5 0 1 1-5-5v2a3 3 0 1 0 3 3V0Z\"\/>\r\n\t\t\t\t        <\/svg>\r\n                    <\/div>\r\n                    <p class=\"mb-0\"><strong>TikTok<\/strong><\/p>\r\n                <\/a>\r\n               \r\n<\/div><\/div><\/div><\/div><\/div><\/div><div id=\"pg-361-3\"  class=\"panel-grid panel-has-style\" ><div class=\"siteorigin-panels-stretch panel-row-style panel-row-style-for-361-3\" data-stretch-type=\"full-stretched\" ><div id=\"pgc-361-3-0\"  class=\"panel-grid-cell\" ><div id=\"panel-361-3-0-0\" class=\"so-panel widget widget_ndm-wave panel-first-child panel-last-child\" data-index=\"4\" ><div\n\t\t\t\n\t\t\tclass=\"so-widget-ndm-wave so-widget-ndm-wave-default-d75171398898-361\"\n\t\t\t\n\t\t>\t\t\t<div class=\"ndm-wave__container\">\n\t\t\t\t<div class=\"ndm-wave-divider\" style=\"background-color: #78a7ae;\">\n\t\t\t\t\t<svg data-name=\"Layer 1\" xmlns=\"http:\/\/www.w3.org\/2000\/svg\" viewBox=\"0 0 1200 120\" preserveAspectRatio=\"none\">\n\t\t\t\t\t\t<path d=\"M321.39,56.44c58-10.79,114.16-30.13,172-41.86,82.39-16.72,168.19-17.73,250.45-.39C823.78,31,906.67,72,985.66,92.83c70.05,18.48,146.53,26.09,214.34,3V0H0V27.35A600.21,600.21,0,0,0,321.39,56.44Z\" style=\"fill: #f4f1ef;\"><\/path>\n\t\t\t\t\t<\/svg>\n\t\t\t\t<\/div>\n\t\t\t<\/div>\n\t\t\n\n\n\n\n\n\n<\/div><\/div><\/div><\/div><\/div><div id=\"pg-361-4\"  class=\"panel-grid panel-has-style\" ><div class=\"panel-row-style panel-row-style-for-361-4\" ><div id=\"pgc-361-4-0\"  class=\"panel-grid-cell\" ><div id=\"panel-361-4-0-0\" class=\"so-panel widget widget_ndm-title panel-first-child\" data-index=\"5\" ><div\n\t\t\t\n\t\t\tclass=\"so-widget-ndm-title so-widget-ndm-title-default-d75171398898-361\"\n\t\t\t\n\t\t><div class=\"ndm-title__wrapper\"><h2 class=\"ndm-title col-12 text-center mb-4\">Write to us!<\/h2><div class=\"col-lg-10 col-xl-8 text-center mx-auto mb-3 mb-lg-5\"><p>Ha sz\u00edvesen k\u00e9rdezn\u00e9l, megosztan\u00e1l, vagy egy\u00fcttm\u0171k\u00f6dn\u00e9l vel\u00fcnk mi meghallgatunk! Megtal\u00e1lsz minket az al\u00e1bbi k\u00f6z\u00f6ss\u00e9gi m\u00e9dia fel\u00fcleteken, vagy k\u00fcldhetsz \u00fczenetet.<\/p>\n<\/div><\/div><\/div><\/div><div id=\"panel-361-4-0-1\" class=\"so-panel widget widget_sow-editor panel-last-child\" data-index=\"6\" ><div\n\t\t\t\n\t\t\tclass=\"so-widget-sow-editor so-widget-sow-editor-base\"\n\t\t\t\n\t\t>\n<div class=\"siteorigin-widget-tinymce textwidget\">\n\t\n<div class=\"wpcf7 no-js\" id=\"wpcf7-f363-o1\" lang=\"hu-HU\" dir=\"ltr\" data-wpcf7-id=\"363\">\n<div class=\"screen-reader-response\"><p role=\"status\" aria-live=\"polite\" aria-atomic=\"true\"><\/p> <ul><\/ul><\/div>\n<form action=\"\/en\/wp-json\/wp\/v2\/pages\/361#wpcf7-f363-o1\" method=\"post\" class=\"wpcf7-form init\" aria-label=\"Kapcsolatfelv\u00e9teli \u0171rlap\" novalidate=\"novalidate\" data-status=\"init\">\n<fieldset class=\"hidden-fields-container\"><input type=\"hidden\" name=\"_wpcf7\" value=\"363\" \/><input type=\"hidden\" name=\"_wpcf7_version\" value=\"6.1.5\" \/><input type=\"hidden\" name=\"_wpcf7_locale\" value=\"hu_HU\" \/><input type=\"hidden\" name=\"_wpcf7_unit_tag\" value=\"wpcf7-f363-o1\" \/><input type=\"hidden\" name=\"_wpcf7_container_post\" value=\"0\" \/><input type=\"hidden\" name=\"_wpcf7_posted_data_hash\" value=\"\" \/><input type=\"hidden\" name=\"_wpcf7_recaptcha_response\" value=\"\" \/>\n<\/fieldset>\n<div class=\"row\">\n\t<div class=\"col-md-6 mb-2\">\n\t\t<p><label>Name<span class=\"ndm-star\">*<\/span><\/label><span class=\"wpcf7-form-control-wrap\" data-name=\"nev\"><input size=\"40\" maxlength=\"400\" class=\"wpcf7-form-control wpcf7-text wpcf7-validates-as-required\" aria-required=\"true\" aria-invalid=\"false\" value=\"\" type=\"text\" name=\"nev\" \/><\/span>\n\t\t<\/p>\n\t<\/div>\n\t<div class=\"col-md-6 mb-2\">\n\t\t<p><label>Email<span class=\"ndm-star\">*<\/span><\/label><span class=\"wpcf7-form-control-wrap\" data-name=\"email-cim\"><input size=\"40\" maxlength=\"400\" class=\"wpcf7-form-control wpcf7-email wpcf7-validates-as-required wpcf7-text wpcf7-validates-as-email\" aria-required=\"true\" aria-invalid=\"false\" value=\"\" type=\"email\" name=\"email-cim\" \/><\/span>\n\t\t<\/p>\n\t<\/div>\n\t<div class=\"col-md-6 mb-2\">\n\t\t<p><label>Phone<span class=\"ndm-star\">*<\/span><\/label><span class=\"wpcf7-form-control-wrap\" data-name=\"telefonszam\"><input size=\"40\" maxlength=\"400\" class=\"wpcf7-form-control wpcf7-tel wpcf7-validates-as-required wpcf7-text wpcf7-validates-as-tel\" aria-required=\"true\" aria-invalid=\"false\" value=\"\" type=\"tel\" name=\"telefonszam\" \/><\/span>\n\t\t<\/p>\n\t<\/div>\n\t<div class=\"col-md-6 mb-2\">\n\t\t<p><label>Subject<\/label><span class=\"wpcf7-form-control-wrap\" data-name=\"targy\"><select class=\"wpcf7-form-control wpcf7-select\" aria-invalid=\"false\" name=\"targy\"><option value=\"Webshop question\">Webshop question<\/option><option value=\"Cooperation\">Cooperation<\/option><option value=\"Other\">Other<\/option><\/select><\/span>\n\t\t<\/p>\n\t<\/div>\n\t<div class=\"col-12 mb-2\">\n\t\t<p><label>Message<\/label><span class=\"wpcf7-form-control-wrap\" data-name=\"uzenet\"><textarea cols=\"40\" rows=\"10\" maxlength=\"2000\" class=\"wpcf7-form-control wpcf7-textarea\" aria-invalid=\"false\" name=\"uzenet\"><\/textarea><\/span>\n\t\t<\/p>\n\t<\/div>\n\t<div class=\"col-12 ndm-acceptance mb-2\">\n\t\t<p><span class=\"wpcf7-form-control-wrap\" data-name=\"adatvedelem\"><span class=\"wpcf7-form-control wpcf7-acceptance\"><span class=\"wpcf7-list-item\"><label><input type=\"checkbox\" name=\"adatvedelem\" value=\"1\" aria-invalid=\"false\" \/><span class=\"wpcf7-list-item-label\">I have read and agree to the <a href=\"\/en\/privacy-policy\/\" target=\"_blank\" rel=\"noopener\"> Privacy Policy<\/a>!<\/span><\/label><\/span><\/span><\/span>\n\t\t<\/p>\n\t<\/div>\n\t<div class=\"col-12\">\n\t\t<p><input class=\"wpcf7-form-control wpcf7-submit has-spinner\" type=\"submit\" value=\"Send Message\" \/>\n\t\t<\/p>\n\t<\/div>\n<\/div><div class=\"wpcf7-response-output\" aria-hidden=\"true\"><\/div>\n<\/form>\n<\/div>\n<\/div>\n<\/div><\/div><\/div><\/div><\/div><\/div>","protected":false},"excerpt":{"rendered":"<p>Mi egy k\u00f6nnyed, \u00e9s vag\u00e1ny fiatal csal\u00e1d vagyunk, akik im\u00e1dnak utazni! Hissz\u00fck, hogy az utaz\u00e1s gazdag\u00edt,&#8230;<\/p>\n","protected":false},"author":3,"featured_media":2108,"parent":0,"menu_order":5,"comment_status":"closed","ping_status":"closed","template":"fullwidth.php","meta":{"inline_featured_image":false,"footnotes":""},"class_list":["post-361","page","type-page","status-publish","has-post-thumbnail","hentry"],"_links":{"self":[{"href":"https:\/\/justdiariestravel.com\/en\/wp-json\/wp\/v2\/pages\/361","targetHints":{"allow":["GET"]}}],"collection":[{"href":"https:\/\/justdiariestravel.com\/en\/wp-json\/wp\/v2\/pages"}],"about":[{"href":"https:\/\/justdiariestravel.com\/en\/wp-json\/wp\/v2\/types\/page"}],"author":[{"embeddable":true,"href":"https:\/\/justdiariestravel.com\/en\/wp-json\/wp\/v2\/users\/3"}],"replies":[{"embeddable":true,"href":"https:\/\/justdiariestravel.com\/en\/wp-json\/wp\/v2\/comments?post=361"}],"version-history":[{"count":1,"href":"https:\/\/justdiariestravel.com\/en\/wp-json\/wp\/v2\/pages\/361\/revisions"}],"predecessor-version":[{"id":362,"href":"https:\/\/justdiariestravel.com\/en\/wp-json\/wp\/v2\/pages\/361\/revisions\/362"}],"wp:featuredmedia":[{"embeddable":true,"href":"https:\/\/justdiariestravel.com\/en\/wp-json\/wp\/v2\/media\/2108"}],"wp:attachment":[{"href":"https:\/\/justdiariestravel.com\/en\/wp-json\/wp\/v2\/media?parent=361"}],"curies":[{"name":"wp","href":"https:\/\/api.w.org\/{rel}","templated":true}]}}